{"id":86,"date":"2026-01-30T18:04:10","date_gmt":"2026-01-30T17:04:10","guid":{"rendered":"https:\/\/rtkbase.eu\/?post_type=product&#038;p=86"},"modified":"2026-01-30T18:11:30","modified_gmt":"2026-01-30T17:11:30","slug":"rover-sparkpnt-rtk-torch","status":"publish","type":"product","link":"https:\/\/rtkbase.eu\/index.php\/produit\/rover-sparkpnt-rtk-torch\/","title":{"rendered":"Rover SparkPNT RTK Torch"},"content":{"rendered":"<p>R\u00e9cepteur RTK Torch triple fr\u00e9quence (L1\/L2\/L5)<\/p>\n<ul>\n<li>Puce GNSS Unicore UM980 (GPS, GLONASS, Galileo, BeiDou, QZSS)<\/li>\n<li>Compensation de l&rsquo;inclinaison de la canne<\/li>\n<li>Bluetooth\/Wifi<\/li>\n<li>Batterie int\u00e9gr\u00e9e 49Wh (autonomie &gt;12H)<\/li>\n<li>Antenne int\u00e9gr\u00e9e L1\/L2\/L5<\/li>\n<li>IP67<\/li>\n<li>poids : 430g<\/li>\n<li>taille (mm): 71 * 71 * 147<\/li>\n<li>filetage standard GNSS 5\/8&Prime;<\/li>\n<li>firmware OpenSource<\/li>\n<\/ul>\n<ul>\n<li style=\"list-style-type: none\"><\/li>\n<li>Produit test\u00e9 et mis \u00e0 jour avant exp\u00e9dition<\/li>\n<\/ul>\n","protected":false},"excerpt":{"rendered":"<p>R\u00e9cepteur RTK Torch triple fr\u00e9quence (L1\/L2\/L5) Puce GNSS Unicore UM980 (GPS, GLONASS, Galileo, BeiDou, QZSS) Compensation de l&rsquo;inclinaison de la canne Bluetooth\/Wifi Batterie int\u00e9gr\u00e9e 49Wh (autonomie &gt;12H) Antenne int\u00e9gr\u00e9e L1\/L2\/L5 IP67 poids : 430g taille (mm): 71 * 71 * 147 filetage standard GNSS 5\/8&Prime; firmware OpenSource Produit test\u00e9 et mis \u00e0 jour avant exp\u00e9dition<\/p>\n","protected":false},"featured_media":96,"comment_status":"open","ping_status":"closed","template":"","meta":[],"product_brand":[],"product_cat":[27],"product_tag":[],"class_list":{"0":"post-86","1":"product","2":"type-product","3":"status-publish","4":"has-post-thumbnail","6":"product_cat-recepteur-gnss","8":"first","9":"onbackorder","10":"taxable","11":"shipping-taxable","12":"purchasable","13":"product-type-simple"},"jetpack_sharing_enabled":true,"_links":{"self":[{"href":"https:\/\/rtkbase.eu\/index.php\/wp-json\/wp\/v2\/product\/86","targetHints":{"allow":["GET"]}}],"collection":[{"href":"https:\/\/rtkbase.eu\/index.php\/wp-json\/wp\/v2\/product"}],"about":[{"href":"https:\/\/rtkbase.eu\/index.php\/wp-json\/wp\/v2\/types\/product"}],"replies":[{"embeddable":true,"href":"https:\/\/rtkbase.eu\/index.php\/wp-json\/wp\/v2\/comments?post=86"}],"wp:featuredmedia":[{"embeddable":true,"href":"https:\/\/rtkbase.eu\/index.php\/wp-json\/wp\/v2\/media\/96"}],"wp:attachment":[{"href":"https:\/\/rtkbase.eu\/index.php\/wp-json\/wp\/v2\/media?parent=86"}],"wp:term":[{"taxonomy":"product_brand","embeddable":true,"href":"https:\/\/rtkbase.eu\/index.php\/wp-json\/wp\/v2\/product_brand?post=86"},{"taxonomy":"product_cat","embeddable":true,"href":"https:\/\/rtkbase.eu\/index.php\/wp-json\/wp\/v2\/product_cat?post=86"},{"taxonomy":"product_tag","embeddable":true,"href":"https:\/\/rtkbase.eu\/index.php\/wp-json\/wp\/v2\/product_tag?post=86"}],"curies":[{"name":"wp","href":"https:\/\/api.w.org\/{rel}","templated":true}]}}