{"id":80,"date":"2026-01-30T17:44:39","date_gmt":"2026-01-30T16:44:39","guid":{"rendered":"https:\/\/rtkbase.eu\/?post_type=product&#038;p=80"},"modified":"2026-01-30T18:11:25","modified_gmt":"2026-01-30T17:11:25","slug":"rover-sparkfun-rtk-facet","status":"publish","type":"product","link":"https:\/\/rtkbase.eu\/index.php\/produit\/rover-sparkfun-rtk-facet\/","title":{"rendered":"Rover Sparkfun RTK Facet"},"content":{"rendered":"<p>R\u00e9cepteur RTK Facet bi-fr\u00e9quence (L1\/L2)<\/p>\n<ul>\n<li>Puce GNSS U-Blox ZED-F9P (GPS, GLONASS, Galileo, BeiDou, QZSS)<\/li>\n<li>Bluetooth\/Wifi<\/li>\n<li>Batterie int\u00e9gr\u00e9e 6Ah (autonomie &gt;12H)<\/li>\n<li>Antenne int\u00e9gr\u00e9e L1\/L2<\/li>\n<li>Afficheur LCD<\/li>\n<li>IP53 (non \u00e9tanche)<\/li>\n<li>poids : 590g<\/li>\n<li>taille (mm): 136 * 146 * 80<\/li>\n<li>filetage standard GNSS 5\/8&Prime;<\/li>\n<li>firmware OpenSource<\/li>\n<\/ul>\n<ul>\n<li style=\"list-style-type: none\"><\/li>\n<li>Produit test\u00e9 et mis \u00e0 jour avant exp\u00e9dition<\/li>\n<li>SAV g\u00e9r\u00e9 en France<\/li>\n<\/ul>\n","protected":false},"excerpt":{"rendered":"<p>R\u00e9cepteur RTK Facet bi-fr\u00e9quence (L1\/L2) Puce GNSS U-Blox ZED-F9P (GPS, GLONASS, Galileo, BeiDou, QZSS) Bluetooth\/Wifi Batterie int\u00e9gr\u00e9e 6Ah (autonomie &gt;12H) Antenne int\u00e9gr\u00e9e L1\/L2 Afficheur LCD IP53 (non \u00e9tanche) poids : 590g taille (mm): 136 * 146 * 80 filetage standard GNSS 5\/8&Prime; firmware OpenSource Produit test\u00e9 et mis \u00e0 jour avant exp\u00e9dition SAV g\u00e9r\u00e9 en [&hellip;]<\/p>\n","protected":false},"featured_media":81,"comment_status":"open","ping_status":"closed","template":"","meta":[],"product_brand":[],"product_cat":[27],"product_tag":[],"class_list":{"0":"post-80","1":"product","2":"type-product","3":"status-publish","4":"has-post-thumbnail","6":"product_cat-recepteur-gnss","8":"first","9":"onbackorder","10":"taxable","11":"shipping-taxable","12":"purchasable","13":"product-type-simple"},"jetpack_sharing_enabled":true,"_links":{"self":[{"href":"https:\/\/rtkbase.eu\/index.php\/wp-json\/wp\/v2\/product\/80","targetHints":{"allow":["GET"]}}],"collection":[{"href":"https:\/\/rtkbase.eu\/index.php\/wp-json\/wp\/v2\/product"}],"about":[{"href":"https:\/\/rtkbase.eu\/index.php\/wp-json\/wp\/v2\/types\/product"}],"replies":[{"embeddable":true,"href":"https:\/\/rtkbase.eu\/index.php\/wp-json\/wp\/v2\/comments?post=80"}],"wp:featuredmedia":[{"embeddable":true,"href":"https:\/\/rtkbase.eu\/index.php\/wp-json\/wp\/v2\/media\/81"}],"wp:attachment":[{"href":"https:\/\/rtkbase.eu\/index.php\/wp-json\/wp\/v2\/media?parent=80"}],"wp:term":[{"taxonomy":"product_brand","embeddable":true,"href":"https:\/\/rtkbase.eu\/index.php\/wp-json\/wp\/v2\/product_brand?post=80"},{"taxonomy":"product_cat","embeddable":true,"href":"https:\/\/rtkbase.eu\/index.php\/wp-json\/wp\/v2\/product_cat?post=80"},{"taxonomy":"product_tag","embeddable":true,"href":"https:\/\/rtkbase.eu\/index.php\/wp-json\/wp\/v2\/product_tag?post=80"}],"curies":[{"name":"wp","href":"https:\/\/api.w.org\/{rel}","templated":true}]}}